{"id":24,"date":"2022-11-18T00:07:03","date_gmt":"2022-11-17T23:07:03","guid":{"rendered":"https:\/\/daniel-bachofen.ch\/?page_id=24"},"modified":"2026-01-09T20:43:35","modified_gmt":"2026-01-09T19:43:35","slug":"portrait","status":"publish","type":"page","link":"https:\/\/daniel-bachofen.ch\/?page_id=24","title":{"rendered":"Portrait"},"content":{"rendered":"\n<p><strong>Person<\/strong><\/p>\n\n\n\n<div class=\"wp-block-media-text alignwide is-stacked-on-mobile\"><figure class=\"wp-block-media-text__media\"><img decoding=\"async\" loading=\"lazy\" width=\"946\" height=\"1024\" src=\"https:\/\/daniel-bachofen.ch\/wp-content\/uploads\/2023\/01\/Miro-946x1024.jpg\" alt=\"\" class=\"wp-image-111 size-full\" srcset=\"https:\/\/daniel-bachofen.ch\/wp-content\/uploads\/2023\/01\/Miro-946x1024.jpg 946w, https:\/\/daniel-bachofen.ch\/wp-content\/uploads\/2023\/01\/Miro-277x300.jpg 277w\" sizes=\"(max-width: 706px) 89vw, (max-width: 767px) 82vw, 740px\" \/><\/figure><div class=\"wp-block-media-text__content\">\n<p>Daniel Bachofen<br>1974 geboren<br>verheiratet, zwei T\u00f6chter<br>seit 1978 wohnhaft in Arbon<\/p>\n<\/div><\/div>\n\n\n\n<div class=\"wp-block-group is-vertical is-layout-flex wp-container-1 wp-block-group-is-layout-flex\">\n<p><\/p>\n\n\n\n<p>  <\/p>\n<\/div>\n\n\n\n<p><strong>Freizeit<\/strong><\/p>\n\n\n\n<p>Joggen, Sportklettern, Wandern, Reisen, Lesen<\/p>\n\n\n\n<figure class=\"wp-block-image size-full wp-duotone-unset-2\"><img decoding=\"async\" src=\"https:\/\/daniel-bachofen.ch\/wp-content\/uploads\/2022\/11\/DSC03329_quer.jpg\" alt=\"\" class=\"wp-image-48\"\/><\/figure>\n\n\n\n<p>  <\/p>\n\n\n\n<p><strong>Berufliche T\u00e4tigkeiten<\/strong><\/p>\n\n\n\n<p>seit 2025<br>General Manager der FPT Motorenforschung AG, Arbon<\/p>\n\n\n\n<p>2008 &#8211; 2025<br>verschiedene T\u00e4tigkeiten bei der FPT Motorenforschung AG, Arbon<br>Beispielsweise habe ich als Gruppenleiter Test-Engineering zwei Teams mit insgesamt 17 Mitarbeitern, darunter auch vier Lehrlinge (Elektroniker und Informatiker) gef\u00fchrt<\/p>\n\n\n\n<p>vor 2008<br>verschiedene, interessante Stellen zum Beispiel als Entwicklungsingenieur bei Leica Geosystems oder als wissenschaftlicher Mitarbeiter an der FHO St. Gallen<\/p>\n\n\n\n<p> <\/p>\n\n\n\n<p><strong>Ausbildung<\/strong><\/p>\n\n\n\n<p>2009<br>MAS Unternehmensf\u00fchrung, Kalaidos FH Z\u00fcrich<\/p>\n\n\n\n<p>2001<br>Ingenieur Elektrotechnik (FH), FHO, St. Gallen<\/p>\n\n\n\n<p>1994<br>Lehre als Elektroniker<\/p>\n\n\n\n<p>   <\/p>\n\n\n\n<p><strong>Politische T\u00e4tigkeiten<\/strong><\/p>\n\n\n\n<p>seit 2023<br>Stadtrat Arbon, Ressort Freizeit, Sport und Liegenschaften<\/p>\n\n\n\n<p>Mandate als Stadtrat:<br>Mitglied des Verwaltungsrats EZO Eissportzentrum Oberthurgau AG<br>Mitglied des Stiftungsrats Saurer 150Jahre Jubil\u00e4ums -Stiftung<br>Delegierter Abwasserverband Morgental<\/p>\n\n\n\n<p>2021 &#8211; 2024<br>Mitglied der Gesch\u00e4ftsleitung der SP des Kantons Thurgau<\/p>\n\n\n\n<p>2019-2023<br>SP Stadtparlamentarier Arbon<br>Fraktionspr\u00e4sident (2022-2023)<br>Mitglied der Finanz- und Gesch\u00e4ftspr\u00fcfungskommission<\/p>\n\n\n\n<p>seit 2004<br>Mitglied der SP Arbon<\/p>\n\n\n\n<p>  <\/p>\n\n\n\n<p><strong>Mitgliedschaften \/ Interessen \/ weiteres<\/strong><br><br>Technische Gesellschaft Arbon<br>Museumsverein Arbon<br>UNIA<br>WWF<br>Greenpeace<br>Verein Pro Wind Thurgau<\/p>\n","protected":false},"excerpt":{"rendered":"<p>Person Daniel Bachofen1974 geborenverheiratet, zwei T\u00f6chterseit 1978 wohnhaft in Arbon Freizeit Joggen, Sportklettern, Wandern, Reisen, Lesen Berufliche T\u00e4tigkeiten seit 2025General Manager der FPT Motorenforschung AG, Arbon 2008 &#8211; 2025verschiedene T\u00e4tigkeiten bei der FPT Motorenforschung AG, ArbonBeispielsweise habe ich als Gruppenleiter Test-Engineering zwei Teams mit insgesamt 17 Mitarbeitern, darunter auch vier Lehrlinge (Elektroniker und Informatiker) gef\u00fchrt &hellip; <\/p>\n<p class=\"link-more\"><a href=\"https:\/\/daniel-bachofen.ch\/?page_id=24\" class=\"more-link\"><span class=\"screen-reader-text\">\u201ePortrait\u201c<\/span> weiterlesen<\/a><\/p>\n","protected":false},"author":2,"featured_media":0,"parent":0,"menu_order":0,"comment_status":"closed","ping_status":"closed","template":"","meta":{"footnotes":""},"_links":{"self":[{"href":"https:\/\/daniel-bachofen.ch\/index.php?rest_route=\/wp\/v2\/pages\/24"}],"collection":[{"href":"https:\/\/daniel-bachofen.ch\/index.php?rest_route=\/wp\/v2\/pages"}],"about":[{"href":"https:\/\/daniel-bachofen.ch\/index.php?rest_route=\/wp\/v2\/types\/page"}],"author":[{"embeddable":true,"href":"https:\/\/daniel-bachofen.ch\/index.php?rest_route=\/wp\/v2\/users\/2"}],"replies":[{"embeddable":true,"href":"https:\/\/daniel-bachofen.ch\/index.php?rest_route=%2Fwp%2Fv2%2Fcomments&post=24"}],"version-history":[{"count":12,"href":"https:\/\/daniel-bachofen.ch\/index.php?rest_route=\/wp\/v2\/pages\/24\/revisions"}],"predecessor-version":[{"id":155,"href":"https:\/\/daniel-bachofen.ch\/index.php?rest_route=\/wp\/v2\/pages\/24\/revisions\/155"}],"wp:attachment":[{"href":"https:\/\/daniel-bachofen.ch\/index.php?rest_route=%2Fwp%2Fv2%2Fmedia&parent=24"}],"curies":[{"name":"wp","href":"https:\/\/api.w.org\/{rel}","templated":true}]}}