{"id":22,"date":"2022-11-18T00:07:03","date_gmt":"2022-11-17T23:07:03","guid":{"rendered":"https:\/\/daniel-bachofen.ch\/?page_id=22"},"modified":"2022-11-26T00:05:48","modified_gmt":"2022-11-25T23:05:48","slug":"dafuer-stehe-ich-ein","status":"publish","type":"page","link":"https:\/\/daniel-bachofen.ch\/?page_id=22","title":{"rendered":"Daf\u00fcr stehe ich ein"},"content":{"rendered":"\n<p><strong>Jugend und Familie<\/strong><\/p>\n\n\n\n<p>Ich setze mich f\u00fcr ein familienfreundliches Arbon ein. Die Vereinbarkeit von Familie und Beruf ist dabei ein zentraler Punkt. Die Stadt muss hier zusammen mit den Schulen und dem Kinderhaus einen wesentlichen Beitrag leisten.<\/p>\n\n\n\n<p>Die Jugendarbeit in Arbon hat im Vergleich zu anderen Gemeinden Entwicklungspotential. Jugendliche brauchen Freir\u00e4ume, in denen sie sich treffen k\u00f6nnen. Speziell in der kalten Jahreszeit besteht hier Handlungsbedarf.<\/p>\n\n\n\n<p>Auch die \u00e4ltere Generation liegt mir sehr am Herzen. Beispielsweise stellt die Digitalisierung vieler Dienstleistungen \u00e4ltere Mitmenschen vor Herausforderungen. Hier muss die Stadt gew\u00e4hrleisten, dass niemand abgeh\u00e4ngt wird.<\/p>\n\n\n\n<p><strong>Umwelt und Energie<\/strong><\/p>\n\n\n\n<p>Ein nachhaltiges Arbon ist mir sehr wichtig. Ich habe mich deshalb in der letzten Legislaturperiode immer wieder f\u00fcr mehr erneuerbare Energie und die Biodiversit\u00e4t eingesetzt. Ein Resultat davon ist der Energie- und Umweltfonds. Arbon hat aber noch weiteres Potential, zum Beispiel eignet sich unsere Lage am See hervorragend zur Erzeugung von nachhaltiger W\u00e4rme. Die aktuelle Energiekrise zeigt auch, dass wir unser Potential an Solarstrom noch zu wenig nutzen. Hier w\u00fcrde eine bessere Einspeiseverg\u00fctung helfen, dass auf mehr D\u00e4chern Strom produziert wird.<\/p>\n\n\n\n<p><strong>Stadtentwicklung<\/strong><\/p>\n\n\n\n<p>Wir brauchen in Arbon einen guten Mix aus Wohnraum und Platz f\u00fcr Industrie und Gewerbe. Nachdem in den letzten Jahren sehr viel Wohnraum geschaffen wurde, muss Arbon darauf achten, auch gen\u00fcgend Platz f\u00fcr Arbeitspl\u00e4tze anbieten zu k\u00f6nnen. Neben dem Zonenplan ist das Landkreditkonto das zentrale Instrument, womit der Stadtrates hier proaktiv Einfluss nehmen kann. Leider hat der Stadtrat mit dem Kauf des Rietli-Grundst\u00fccks dieses Werkzeug bereits komplett ausgesch\u00f6pft. Dies sollte er so bald wie m\u00f6glich korrigieren und seinen Handlungsspielraum zur\u00fcckgewinnen.<\/p>\n\n\n\n<p><strong>Ausgeglichene Finanzen<\/strong><\/p>\n\n\n\n<p>F\u00fcr ein zukunftsf\u00e4higes, attraktives Arbon brauchen wir einen Finanzhaushalt in dem sich die Einnahmen und Ausgaben die Waage halten. Wichtig ist dabei, die Ausgaben nach ihrem Nutzen f\u00fcr die Bev\u00f6lkerung und die Entwicklung Arbons zu priorisieren. Arbon soll eine langfristige Steuerpolitik betreiben, von der auch die tieferen und mittleren Einkommen profitieren k\u00f6nnen. <\/p>\n\n\n\n<p><strong>Kultur und Tourismus<\/strong><\/p>\n\n\n\n<p>Es ist gro\u00dfartig in einer Stadt zu leben, die ein vielf\u00e4ltiges Kulturangebot hat. Dazu tragen zum einen die vielen Vereine wie auch private Veranstalter bei. Neben der Arboner Bev\u00f6lkerung profitiert davon auch der Tourismus. Vereine leisten aber auch bei der Integration und f\u00fcr unsere Jugend grosse Arbeit. Dies gilt es zu anerkennen und zu unterst\u00fctzen.<\/p>\n\n\n\n<p>Arbon kann seine touristische Attraktivit\u00e4t weiter ausbauen. Dies soll nachhaltig und mit einer guten Balance zwischen erlebnisreichen und naturnahen Zonen geschehen.<\/p>\n\n\n\n<p><strong>Verkehr<\/strong><\/p>\n\n\n\n<p>Arbon ist f\u00fcr den motorisierten Verkehr \u00fcber den Autobahnzubringer und die NLK sehr gut erschlossen. Leider wurden bei der Verkehrsplanung die Anliegen der Velofahrer und Fussg\u00e4nger in der Vergangenheit viel zu wenig ber\u00fccksichtigt. Hier gilt es in Zukunft Schwerpunkte zu setzen. Arbon ist \u00fcber die Seelinie und die Busverbindungen auch beim \u00d6V gut angebunden. Ein Beispiel, wie mit einfachen Massnahmen Verbesserungen m\u00f6glich werden, zeigt das Rufsammeltaxi. Auf Initiative der SP kommen Nachtschw\u00e4rmer von Z\u00fcrich \u00fcber Romanshorn auch nach Mitternacht noch bis nach Arbon. In dieser Art lassen sich sicher auch in Zukunft weitere Verbesserungen realisieren.<\/p>\n","protected":false},"excerpt":{"rendered":"<p>Jugend und Familie Ich setze mich f\u00fcr ein familienfreundliches Arbon ein. Die Vereinbarkeit von Familie und Beruf ist dabei ein zentraler Punkt. Die Stadt muss hier zusammen mit den Schulen und dem Kinderhaus einen wesentlichen Beitrag leisten. Die Jugendarbeit in Arbon hat im Vergleich zu anderen Gemeinden Entwicklungspotential. Jugendliche brauchen Freir\u00e4ume, in denen sie sich &hellip; <\/p>\n<p class=\"link-more\"><a href=\"https:\/\/daniel-bachofen.ch\/?page_id=22\" class=\"more-link\"><span class=\"screen-reader-text\">\u201eDaf\u00fcr stehe ich ein\u201c<\/span> weiterlesen<\/a><\/p>\n","protected":false},"author":2,"featured_media":0,"parent":0,"menu_order":0,"comment_status":"closed","ping_status":"closed","template":"","meta":{"footnotes":""},"_links":{"self":[{"href":"https:\/\/daniel-bachofen.ch\/index.php?rest_route=\/wp\/v2\/pages\/22"}],"collection":[{"href":"https:\/\/daniel-bachofen.ch\/index.php?rest_route=\/wp\/v2\/pages"}],"about":[{"href":"https:\/\/daniel-bachofen.ch\/index.php?rest_route=\/wp\/v2\/types\/page"}],"author":[{"embeddable":true,"href":"https:\/\/daniel-bachofen.ch\/index.php?rest_route=\/wp\/v2\/users\/2"}],"replies":[{"embeddable":true,"href":"https:\/\/daniel-bachofen.ch\/index.php?rest_route=%2Fwp%2Fv2%2Fcomments&post=22"}],"version-history":[{"count":4,"href":"https:\/\/daniel-bachofen.ch\/index.php?rest_route=\/wp\/v2\/pages\/22\/revisions"}],"predecessor-version":[{"id":74,"href":"https:\/\/daniel-bachofen.ch\/index.php?rest_route=\/wp\/v2\/pages\/22\/revisions\/74"}],"wp:attachment":[{"href":"https:\/\/daniel-bachofen.ch\/index.php?rest_route=%2Fwp%2Fv2%2Fmedia&parent=22"}],"curies":[{"name":"wp","href":"https:\/\/api.w.org\/{rel}","templated":true}]}}